{"id":43,"date":"2017-09-20T19:18:50","date_gmt":"2017-09-20T17:18:50","guid":{"rendered":"http:\/\/fdl.li\/?page_id=43"},"modified":"2017-12-10T12:05:31","modified_gmt":"2017-12-10T11:05:31","slug":"bienvenue","status":"publish","type":"page","link":"https:\/\/fdl.li\/?lang=fr","title":{"rendered":"Bienvenue!"},"content":{"rendered":"<p>FDL concepteur\/cr\u00e9ateur\/distributeur d&#8217;une large gamme de d\u00e9cors lumineux de No\u00ebl et guirlandes pour le d\u00e9tail et les march\u00e9s commerciaux. En 1986 FDL f\u00fbt la premi\u00e8re compagnie \u00e0 recevoir l&#8217;autorisation &#8220;Kema Keur&#8221; sur les minis lampes au Pays Bas (l&#8217;equivalent hollandais pour l&#8217;approbation de norme britannique).\u00a0Dans cette ann\u00e9e, la gamme d&#8217;\u00e9clairage \u00e9tait compos\u00e9 de 10, 20, 35, 50 et 100 ensembles de mini lampes transparentes et multicolores, 10 produits au total.<\/p>\n<p>Depuis beaucoup a chang\u00e9.<\/p>\n<p>Aujourd&#8217;hui FDL est un fournisseur et distributeur principal sur le march\u00e9 d&#8217;Europe Occidentale de produits d&#8217;illuminations et de d\u00e9corations de No\u00ebl. FDL offre maintenant approximativement 725 produits d&#8217;illuminations de No\u00ebl et se vendent sous la marque FDL et &#8220;le label priv\u00e9&#8221;(la marque du distibuteur).<\/p>\n<p>Beaucoup de magasins\/centres de jardin\/cha\u00eenes de magasins vendent les produits FDL avec une garantie de 2 ans.<\/p>\n<p>Les pays o\u00f9 les d\u00e9cors lumineux de No\u00ebl FDL sont vendus ou utilis\u00e9s sont: Les Pays Bas, La Belgique, La France, L&#8217;allemagne, La Suisse, L&#8217;Australie, L&#8217;Italie, L&#8217;Espagne, L&#8217;Estonie, Le Groenland, L&#8217;Islande, La R\u00e9union, Le Zimbabwe, La Tch\u00e9coslovaquie, La Russie, La Turquie, Le Danemark, La Su\u00e8de, Le Norv\u00e8ge, La Finlande, Hong kong, Le Japon, La Chypre, Malte, L&#8217;Irlande et le Royaume Uni.<\/p>\n<p>Les illuminations de FDL sont souvent le premier choix \u00e0 employer dans les affichages commerciaux et projets. la raison principale \u00e9tant sa r\u00e9putation pour sa fiabilit\u00e9 \u00e9lev\u00e9e dans ce secteur.<\/p>\n<p>Les exemples de notre \u00e9clairage d&#8217;affichage incluent: les champs-Elys\u00e9es (F), Moulin rouge (F), Efteling (NL), Magna Plaza (NL), L&#8217;a\u00e9roport Schiphol (NL), Le Palais Royal (B), Phantasia Land (D), Centre de ville de Bucarest en Roumanie (R), Kaufhof hypermarch\u00e9s (D), L&#8217;hotel Dorchester \u00e0 Londres (UK), Lakeside shopping centre (UK), Canary Wharf (UK), Centre d&#8217; Arndale (UK), Trafford centre (UK), Centre Parcs (UK), et beaucoup, beaucoup d&#8217;autres.<\/p>\n<p>Si vous \u00eates un d\u00e9taillant, un grossiste ou si vous utilisez des illuminations pour l&#8217;entreprise commerciale, <a href=\"tel:+33683630665\">prenez s.v.p. un rendez-vous avec nous<\/a>, sans aucun engagement , pour voir ce qu&#8217;on peut faire pour vous.<\/p>\n<p>&nbsp;<\/p>\n<p><img loading=\"lazy\" class=\" wp-image-152 alignright\" src=\"http:\/\/fdl.li\/wp-content\/uploads\/2017\/09\/FDLStand-3.jpg\" alt=\"\" width=\"507\" height=\"175\" srcset=\"https:\/\/fdl.li\/wp-content\/uploads\/2017\/09\/FDLStand-3.jpg 2657w, https:\/\/fdl.li\/wp-content\/uploads\/2017\/09\/FDLStand-3-300x104.jpg 300w, https:\/\/fdl.li\/wp-content\/uploads\/2017\/09\/FDLStand-3-768x265.jpg 768w, https:\/\/fdl.li\/wp-content\/uploads\/2017\/09\/FDLStand-3-1024x354.jpg 1024w, https:\/\/fdl.li\/wp-content\/uploads\/2017\/09\/FDLStand-3-830x287.jpg 830w, https:\/\/fdl.li\/wp-content\/uploads\/2017\/09\/FDLStand-3-230x79.jpg 230w, https:\/\/fdl.li\/wp-content\/uploads\/2017\/09\/FDLStand-3-350x121.jpg 350w, https:\/\/fdl.li\/wp-content\/uploads\/2017\/09\/FDLStand-3-480x166.jpg 480w\" sizes=\"(max-width: 507px) 100vw, 507px\" \/><\/p>\n<p>Commerce UE marques enregistr\u00e9es:<\/p>\n<p class=\"stressb\">&#8211; LightLinks (nr 003799327)<br \/>\n&#8211; FDL (nr 002964369)<br \/>\n&#8211; SnowTubes (nr 008423089)<br \/>\n&#8211; IceLinks (nr 003799327)<br \/>\n&#8211; STARLEDS (nr 008780603)<\/p>\n","protected":false},"excerpt":{"rendered":"<p>FDL concepteur\/cr\u00e9ateur\/distributeur d&#8217;une large gamme de d\u00e9cors lumineux de No\u00ebl et guirlandes pour le d\u00e9tail et les march\u00e9s commerciaux. En 1986 FDL [&hellip;]<\/p>\n","protected":false},"author":2,"featured_media":0,"parent":0,"menu_order":0,"comment_status":"closed","ping_status":"closed","template":"","meta":{"_exactmetrics_skip_tracking":false,"_exactmetrics_sitenote_active":false,"_exactmetrics_sitenote_note":"","_exactmetrics_sitenote_category":0},"yoast_head":"<!-- This site is optimized with the Yoast SEO plugin v19.9 - https:\/\/yoast.com\/wordpress\/plugins\/seo\/ -->\n<title>F.D.L. | Producteur \u2022 Importateur \u2022 Commerce de gros ? Lumi\u00e8res de No\u00ebl<\/title>\n<meta name=\"description\" content=\"Affichage commercial pour les petites et grandes commandes dans le monde entier. Consultez notre catalogue et notre liste de prix en ligne.\" \/>\n<meta name=\"robots\" content=\"index, follow, max-snippet:-1, max-image-preview:large, max-video-preview:-1\" \/>\n<link rel=\"canonical\" href=\"https:\/\/fdl.li\/?lang=fr\" \/>\n<meta property=\"og:locale\" content=\"nl_NL\" \/>\n<meta property=\"og:type\" content=\"article\" \/>\n<meta property=\"og:title\" content=\"F.D.L. | Producteur \u2022 Importateur \u2022 Commerce de gros ? Lumi\u00e8res de No\u00ebl\" \/>\n<meta property=\"og:description\" content=\"Affichage commercial pour les petites et grandes commandes dans le monde entier. Consultez notre catalogue et notre liste de prix en ligne.\" \/>\n<meta property=\"og:url\" content=\"https:\/\/fdl.li\/?lang=fr\" \/>\n<meta property=\"og:site_name\" content=\"F.D.L.\" \/>\n<meta property=\"article:modified_time\" content=\"2017-12-10T11:05:31+00:00\" \/>\n<meta property=\"og:image\" content=\"http:\/\/fdl.li\/wp-content\/uploads\/2017\/09\/FDLStand-3.jpg\" \/>\n<meta name=\"twitter:card\" content=\"summary_large_image\" \/>\n<meta name=\"twitter:label1\" content=\"Geschatte leestijd\" \/>\n\t<meta name=\"twitter:data1\" content=\"2 minuten\" \/>\n<script type=\"application\/ld+json\" class=\"yoast-schema-graph\">{\"@context\":\"https:\/\/schema.org\",\"@graph\":[{\"@type\":\"WebPage\",\"@id\":\"https:\/\/fdl.li\/?lang=fr\",\"url\":\"https:\/\/fdl.li\/?lang=fr\",\"name\":\"F.D.L. | Producteur \u2022 Importateur \u2022 Commerce de gros ? Lumi\u00e8res de No\u00ebl\",\"isPartOf\":{\"@id\":\"https:\/\/fdl.li\/#website\"},\"datePublished\":\"2017-09-20T17:18:50+00:00\",\"dateModified\":\"2017-12-10T11:05:31+00:00\",\"description\":\"Affichage commercial pour les petites et grandes commandes dans le monde entier. Consultez notre catalogue et notre liste de prix en ligne.\",\"breadcrumb\":{\"@id\":\"https:\/\/fdl.li\/?lang=fr#breadcrumb\"},\"inLanguage\":\"nl\",\"potentialAction\":[{\"@type\":\"ReadAction\",\"target\":[\"https:\/\/fdl.li\/?lang=fr\"]}]},{\"@type\":\"BreadcrumbList\",\"@id\":\"https:\/\/fdl.li\/?lang=fr#breadcrumb\",\"itemListElement\":[{\"@type\":\"ListItem\",\"position\":1,\"name\":\"Home\",\"item\":\"https:\/\/fdl.li\/?lang=en\"},{\"@type\":\"ListItem\",\"position\":2,\"name\":\"Bienvenue!\"}]},{\"@type\":\"WebSite\",\"@id\":\"https:\/\/fdl.li\/#website\",\"url\":\"https:\/\/fdl.li\/\",\"name\":\"F.D.L.\",\"description\":\"Christmas Lights\",\"potentialAction\":[{\"@type\":\"SearchAction\",\"target\":{\"@type\":\"EntryPoint\",\"urlTemplate\":\"https:\/\/fdl.li\/?s={search_term_string}\"},\"query-input\":\"required name=search_term_string\"}],\"inLanguage\":\"nl\"}]}<\/script>\n<!-- \/ Yoast SEO plugin. -->","yoast_head_json":{"title":"F.D.L. | Producteur \u2022 Importateur \u2022 Commerce de gros ? Lumi\u00e8res de No\u00ebl","description":"Affichage commercial pour les petites et grandes commandes dans le monde entier. Consultez notre catalogue et notre liste de prix en ligne.","robots":{"index":"index","follow":"follow","max-snippet":"max-snippet:-1","max-image-preview":"max-image-preview:large","max-video-preview":"max-video-preview:-1"},"canonical":"https:\/\/fdl.li\/?lang=fr","og_locale":"nl_NL","og_type":"article","og_title":"F.D.L. | Producteur \u2022 Importateur \u2022 Commerce de gros ? Lumi\u00e8res de No\u00ebl","og_description":"Affichage commercial pour les petites et grandes commandes dans le monde entier. Consultez notre catalogue et notre liste de prix en ligne.","og_url":"https:\/\/fdl.li\/?lang=fr","og_site_name":"F.D.L.","article_modified_time":"2017-12-10T11:05:31+00:00","og_image":[{"url":"http:\/\/fdl.li\/wp-content\/uploads\/2017\/09\/FDLStand-3.jpg"}],"twitter_card":"summary_large_image","twitter_misc":{"Geschatte leestijd":"2 minuten"},"schema":{"@context":"https:\/\/schema.org","@graph":[{"@type":"WebPage","@id":"https:\/\/fdl.li\/?lang=fr","url":"https:\/\/fdl.li\/?lang=fr","name":"F.D.L. | Producteur \u2022 Importateur \u2022 Commerce de gros ? Lumi\u00e8res de No\u00ebl","isPartOf":{"@id":"https:\/\/fdl.li\/#website"},"datePublished":"2017-09-20T17:18:50+00:00","dateModified":"2017-12-10T11:05:31+00:00","description":"Affichage commercial pour les petites et grandes commandes dans le monde entier. Consultez notre catalogue et notre liste de prix en ligne.","breadcrumb":{"@id":"https:\/\/fdl.li\/?lang=fr#breadcrumb"},"inLanguage":"nl","potentialAction":[{"@type":"ReadAction","target":["https:\/\/fdl.li\/?lang=fr"]}]},{"@type":"BreadcrumbList","@id":"https:\/\/fdl.li\/?lang=fr#breadcrumb","itemListElement":[{"@type":"ListItem","position":1,"name":"Home","item":"https:\/\/fdl.li\/?lang=en"},{"@type":"ListItem","position":2,"name":"Bienvenue!"}]},{"@type":"WebSite","@id":"https:\/\/fdl.li\/#website","url":"https:\/\/fdl.li\/","name":"F.D.L.","description":"Christmas Lights","potentialAction":[{"@type":"SearchAction","target":{"@type":"EntryPoint","urlTemplate":"https:\/\/fdl.li\/?s={search_term_string}"},"query-input":"required name=search_term_string"}],"inLanguage":"nl"}]}},"_links":{"self":[{"href":"https:\/\/fdl.li\/index.php?rest_route=\/wp\/v2\/pages\/43"}],"collection":[{"href":"https:\/\/fdl.li\/index.php?rest_route=\/wp\/v2\/pages"}],"about":[{"href":"https:\/\/fdl.li\/index.php?rest_route=\/wp\/v2\/types\/page"}],"author":[{"embeddable":true,"href":"https:\/\/fdl.li\/index.php?rest_route=\/wp\/v2\/users\/2"}],"replies":[{"embeddable":true,"href":"https:\/\/fdl.li\/index.php?rest_route=%2Fwp%2Fv2%2Fcomments&post=43"}],"version-history":[{"count":13,"href":"https:\/\/fdl.li\/index.php?rest_route=\/wp\/v2\/pages\/43\/revisions"}],"predecessor-version":[{"id":154,"href":"https:\/\/fdl.li\/index.php?rest_route=\/wp\/v2\/pages\/43\/revisions\/154"}],"wp:attachment":[{"href":"https:\/\/fdl.li\/index.php?rest_route=%2Fwp%2Fv2%2Fmedia&parent=43"}],"curies":[{"name":"wp","href":"https:\/\/api.w.org\/{rel}","templated":true}]}}